{"id":32754,"date":"2023-09-14T13:46:17","date_gmt":"2023-09-14T11:46:17","guid":{"rendered":"https:\/\/www.benevolat-fr.ch\/partnerinnen-und-foerdererinnen\/"},"modified":"2025-10-14T15:03:44","modified_gmt":"2025-10-14T13:03:44","slug":"partnerinnen-und-foerdererinnen","status":"publish","type":"page","link":"https:\/\/www.benevolat-fr.ch\/de\/partnerinnen-und-foerdererinnen\/","title":{"rendered":"Partner:innen und F\u00f6rderer:innen"},"content":{"rendered":"\n<div class=\"wp-block-group has-palette-color-8-background-color has-background is-layout-constrained wp-block-group-is-layout-constrained\" style=\"border-radius:8px\">\n<h2 class=\"wp-block-heading\">Vielen Dank!<\/h2>\n\n\n\n<p>B\u00e9n\u00e9volat Fribourg Freiburg w\u00e4re ohne die grossz\u00fcgige Unterst\u00fctzung unserer Sponsor:innen und Partner:innen nicht m\u00f6glich. <\/p>\n\n\n\n<p>M\u00f6chten Sie eine einmalige Spende zur Unterst\u00fctzung der Aktivit\u00e4ten von b\u00e9n\u00e9volat Fribourg Freiburg leisten? Sie k\u00f6nnen diesen <a href=\"https:\/\/www.benevolat-fr.ch\/wp-content\/uploads\/2025\/10\/BFF_QR.pdf\">QR-Rechnung<\/a> oder die folgenden Bankdaten verwenden:  <\/p>\n\n\n\n<p>CH35 8080 8004 5572 1545 0<br\/>B\u00e9n\u00e9volat Fribourg Freiburg<br\/>Boulevard de P\u00e9rolles 40<br\/>1700 Fribourg<\/p>\n<\/div>\n\n<div class=\"wp-block-columns is-layout-flex wp-container-core-columns-is-layout-28f84493 wp-block-columns-is-layout-flex\">\n<div class=\"wp-block-column is-layout-flow wp-block-column-is-layout-flow\" style=\"flex-basis:50%\">\n<div class=\"wp-block-group is-content-justification-center is-layout-constrained wp-container-core-group-is-layout-b772f419 wp-block-group-is-layout-constrained\" style=\"border-radius:8px\">\n<h2 class=\"wp-block-heading\">Partnerorganisationen<\/h2>\n\n\n\n<div class=\"wp-block-columns is-layout-flex wp-container-core-columns-is-layout-28f84493 wp-block-columns-is-layout-flex\">\n<div class=\"wp-block-column is-layout-flow wp-block-column-is-layout-flow\" style=\"flex-basis:50%\">\n<figure class=\"wp-block-image size-full has-custom-border is-style-default\"><img fetchpriority=\"high\" decoding=\"async\" width=\"1024\" height=\"512\" src=\"https:\/\/www.benevolat-fribourg-freiburg.ch\/wp-content\/uploads\/2023\/10\/arcanum2.jpg\" alt=\"\" class=\"wp-image-30620\" style=\"border-radius:8px\" srcset=\"https:\/\/www.benevolat-fr.ch\/wp-content\/uploads\/2023\/10\/arcanum2.jpg 1024w, https:\/\/www.benevolat-fr.ch\/wp-content\/uploads\/2023\/10\/arcanum2-300x150.jpg 300w, https:\/\/www.benevolat-fr.ch\/wp-content\/uploads\/2023\/10\/arcanum2-768x384.jpg 768w\" sizes=\"(max-width: 1024px) 100vw, 1024px\" \/><\/figure>\n<\/div>\n\n\n\n<div class=\"wp-block-column is-layout-flow wp-block-column-is-layout-flow\" style=\"flex-basis:50%\">\n<p>Die <a href=\"https:\/\/arcanum-stiftung.ch\/fr\/\">Arcanum Stiftung<\/a> engagiert sich seit 2020 an der Seite von B\u00e9n\u00e9volat Fribourg Freiburg. Insbesondere dank ihrer Unterst\u00fctzung und Begleitung wurde unser <a href=\"https:\/\/www.benevolat-fribourg-freiburg.ch\/catalogue-de-services\/\" data-type=\"page\" data-id=\"28943\">Dienstleistungskatalog<\/a> ins Leben gerufen. <\/p>\n<\/div>\n<\/div>\n<\/div>\n<\/div>\n\n\n\n<div class=\"wp-block-column is-layout-flow wp-block-column-is-layout-flow\" style=\"flex-basis:50%\">\n<div class=\"wp-block-group is-layout-constrained wp-block-group-is-layout-constrained\" style=\"border-radius:8px\">\n<h2 class=\"wp-block-heading\">Medienpartner:innen<\/h2>\n\n\n\n<div class=\"wp-block-columns is-layout-flex wp-container-core-columns-is-layout-28f84493 wp-block-columns-is-layout-flex\">\n<div class=\"wp-block-column is-layout-flow wp-block-column-is-layout-flow\">\n<figure class=\"wp-block-image aligncenter size-full is-resized has-custom-border\"><img decoding=\"async\" src=\"https:\/\/benevolat-fr.ch\/wp-content\/uploads\/2024\/11\/logo.svg\" alt=\"\" class=\"wp-image-31583\" style=\"border-radius:8px;width:291px;height:auto\"\/><\/figure>\n\n\n\n<figure class=\"wp-block-image aligncenter size-full is-resized has-custom-border\"><img decoding=\"async\" width=\"331\" height=\"152\" src=\"https:\/\/benevolat-fr.ch\/wp-content\/uploads\/2024\/11\/telechargement-1-1.png\" alt=\"\" class=\"wp-image-31584\" style=\"border-radius:8px;width:194px;height:auto\" srcset=\"https:\/\/www.benevolat-fr.ch\/wp-content\/uploads\/2024\/11\/telechargement-1-1.png 331w, https:\/\/www.benevolat-fr.ch\/wp-content\/uploads\/2024\/11\/telechargement-1-1-300x138.png 300w\" sizes=\"(max-width: 331px) 100vw, 331px\" \/><\/figure>\n<\/div>\n<\/div>\n<\/div>\n<\/div>\n<\/div>\n\n<h2 class=\"wp-block-heading\">F\u00f6rderer:innen<\/h2>\n\n<div class=\"wp-block-columns is-layout-flex wp-container-core-columns-is-layout-28f84493 wp-block-columns-is-layout-flex\">\n<div class=\"wp-block-column is-layout-flow wp-block-column-is-layout-flow\">\n<div class=\"wp-block-columns is-layout-flex wp-container-core-columns-is-layout-28f84493 wp-block-columns-is-layout-flex\">\n<div class=\"wp-block-column is-layout-flow wp-block-column-is-layout-flow\">\n<figure class=\"wp-block-image size-full has-custom-border\"><img decoding=\"async\" width=\"1024\" height=\"512\" src=\"https:\/\/www.benevolat-fribourg-freiburg.ch\/wp-content\/uploads\/2023\/10\/loro.jpg\" alt=\"\" class=\"wp-image-30623\" style=\"border-radius:8px\" srcset=\"https:\/\/www.benevolat-fr.ch\/wp-content\/uploads\/2023\/10\/loro.jpg 1024w, https:\/\/www.benevolat-fr.ch\/wp-content\/uploads\/2023\/10\/loro-300x150.jpg 300w, https:\/\/www.benevolat-fr.ch\/wp-content\/uploads\/2023\/10\/loro-768x384.jpg 768w\" sizes=\"(max-width: 1024px) 100vw, 1024px\" \/><\/figure>\n\n\n\n<figure class=\"wp-block-image aligncenter size-full is-resized has-custom-border\"><a href=\"https:\/\/www.fr.ch\/dime\/developpement-durable\/fribourg-durable-strategie-cantonale\"><img loading=\"lazy\" decoding=\"async\" width=\"500\" height=\"255\" src=\"https:\/\/www.benevolat-fr.ch\/wp-content\/uploads\/2024\/12\/agenda2030frib.webp\" alt=\"\" class=\"wp-image-31825\" style=\"border-radius:8px;width:275px;height:auto\" srcset=\"https:\/\/www.benevolat-fr.ch\/wp-content\/uploads\/2024\/12\/agenda2030frib.webp 500w, https:\/\/www.benevolat-fr.ch\/wp-content\/uploads\/2024\/12\/agenda2030frib-300x153.webp 300w\" sizes=\"(max-width: 500px) 100vw, 500px\" \/><\/a><figcaption class=\"wp-element-caption\">Nachhaltiges Freiburg: Kantonale Strategie<\/figcaption><\/figure>\n<\/div>\n<\/div>\n<\/div>\n\n\n\n<div class=\"wp-block-column is-layout-flow wp-block-column-is-layout-flow\">\n<figure class=\"wp-block-image aligncenter size-full is-resized has-custom-border\"><img loading=\"lazy\" decoding=\"async\" width=\"1024\" height=\"512\" src=\"https:\/\/www.benevolat-fribourg-freiburg.ch\/wp-content\/uploads\/2023\/10\/bcf.jpg\" alt=\"\" class=\"wp-image-30625\" style=\"border-radius:8px;width:276px;height:auto\" srcset=\"https:\/\/www.benevolat-fr.ch\/wp-content\/uploads\/2023\/10\/bcf.jpg 1024w, https:\/\/www.benevolat-fr.ch\/wp-content\/uploads\/2023\/10\/bcf-300x150.jpg 300w, https:\/\/www.benevolat-fr.ch\/wp-content\/uploads\/2023\/10\/bcf-768x384.jpg 768w\" sizes=\"(max-width: 1024px) 100vw, 1024px\" \/><\/figure>\n\n\n\n<figure class=\"wp-block-image aligncenter size-full has-custom-border\"><img loading=\"lazy\" decoding=\"async\" width=\"1200\" height=\"307\" src=\"https:\/\/www.benevolat-fr.ch\/wp-content\/uploads\/2024\/12\/Logo_Ville_Fribourg_Suisse.svg.png\" alt=\"\" class=\"wp-image-31829\" style=\"border-radius:8px\" srcset=\"https:\/\/www.benevolat-fr.ch\/wp-content\/uploads\/2024\/12\/Logo_Ville_Fribourg_Suisse.svg.png 1200w, https:\/\/www.benevolat-fr.ch\/wp-content\/uploads\/2024\/12\/Logo_Ville_Fribourg_Suisse.svg-300x77.png 300w, https:\/\/www.benevolat-fr.ch\/wp-content\/uploads\/2024\/12\/Logo_Ville_Fribourg_Suisse.svg-1024x262.png 1024w, https:\/\/www.benevolat-fr.ch\/wp-content\/uploads\/2024\/12\/Logo_Ville_Fribourg_Suisse.svg-768x196.png 768w\" sizes=\"(max-width: 1200px) 100vw, 1200px\" \/><\/figure>\n<\/div>\n\n\n\n<div class=\"wp-block-column is-layout-flow wp-block-column-is-layout-flow\">\n<figure class=\"wp-block-image aligncenter size-full is-resized has-custom-border\"><img loading=\"lazy\" decoding=\"async\" width=\"860\" height=\"624\" src=\"https:\/\/www.benevolat-fr.ch\/wp-content\/uploads\/2024\/12\/logo_imr_v2.jpg\" alt=\"\" class=\"wp-image-31836\" style=\"border-radius:8px;width:236px;height:auto\" srcset=\"https:\/\/www.benevolat-fr.ch\/wp-content\/uploads\/2024\/12\/logo_imr_v2.jpg 860w, https:\/\/www.benevolat-fr.ch\/wp-content\/uploads\/2024\/12\/logo_imr_v2-300x218.jpg 300w, https:\/\/www.benevolat-fr.ch\/wp-content\/uploads\/2024\/12\/logo_imr_v2-768x557.jpg 768w\" sizes=\"(max-width: 860px) 100vw, 860px\" \/><\/figure>\n\n\n\n<figure class=\"wp-block-image aligncenter size-full is-resized has-custom-border\"><img loading=\"lazy\" decoding=\"async\" width=\"379\" height=\"133\" src=\"https:\/\/benevolat-fr.ch\/wp-content\/uploads\/2024\/11\/telechargement-8.png\" alt=\"\" class=\"wp-image-31580\" style=\"border-radius:8px;width:288px;height:auto\" srcset=\"https:\/\/www.benevolat-fr.ch\/wp-content\/uploads\/2024\/11\/telechargement-8.png 379w, https:\/\/www.benevolat-fr.ch\/wp-content\/uploads\/2024\/11\/telechargement-8-300x105.png 300w\" sizes=\"(max-width: 379px) 100vw, 379px\" \/><\/figure>\n<\/div>\n<\/div>\n","protected":false},"excerpt":{"rendered":"<p>Vielen Dank! B\u00e9n\u00e9volat Fribourg Freiburg w\u00e4re ohne die grossz\u00fcgige Unterst\u00fctzung unserer Sponsor:innen und Partner:innen nicht m\u00f6glich. M\u00f6chten Sie eine einmalige Spende zur Unterst\u00fctzung der Aktivit\u00e4ten von b\u00e9n\u00e9volat Fribourg Freiburg leisten? Sie k\u00f6nnen diesen QR-Rechnung oder die folgenden Bankdaten verwenden: CH35 8080 8004 5572 1545 0B\u00e9n\u00e9volat Fribourg FreiburgBoulevard de P\u00e9rolles 401700 Fribourg Partnerorganisationen Die Arcanum Stiftung [&hellip;]<\/p>\n","protected":false},"author":1,"featured_media":32429,"parent":0,"menu_order":0,"comment_status":"closed","ping_status":"closed","template":"","meta":{"_acf_changed":false,"footnotes":""},"class_list":["post-32754","page","type-page","status-publish","has-post-thumbnail","hentry"],"blocksy_meta":[],"acf":[],"yoast_head":"<!-- This site is optimized with the Yoast SEO plugin v27.4 - https:\/\/yoast.com\/product\/yoast-seo-wordpress\/ -->\n<title>Partner:innen und F\u00f6rderer:innen - B\u00e9n\u00e9volat Fribourg Freiburg<\/title>\n<meta name=\"robots\" content=\"index, follow, max-snippet:-1, max-image-preview:large, max-video-preview:-1\" \/>\n<link rel=\"canonical\" href=\"https:\/\/www.benevolat-fr.ch\/de\/partnerinnen-und-foerdererinnen\/\" \/>\n<meta property=\"og:locale\" content=\"de_DE\" \/>\n<meta property=\"og:type\" content=\"article\" \/>\n<meta property=\"og:title\" content=\"Partner:innen und F\u00f6rderer:innen - B\u00e9n\u00e9volat Fribourg Freiburg\" \/>\n<meta property=\"og:description\" content=\"Vielen Dank! B\u00e9n\u00e9volat Fribourg Freiburg w\u00e4re ohne die grossz\u00fcgige Unterst\u00fctzung unserer Sponsor:innen und Partner:innen nicht m\u00f6glich. M\u00f6chten Sie eine einmalige Spende zur Unterst\u00fctzung der Aktivit\u00e4ten von b\u00e9n\u00e9volat Fribourg Freiburg leisten? Sie k\u00f6nnen diesen QR-Rechnung oder die folgenden Bankdaten verwenden: CH35 8080 8004 5572 1545 0B\u00e9n\u00e9volat Fribourg FreiburgBoulevard de P\u00e9rolles 401700 Fribourg Partnerorganisationen Die Arcanum Stiftung [&hellip;]\" \/>\n<meta property=\"og:url\" content=\"https:\/\/www.benevolat-fr.ch\/de\/partnerinnen-und-foerdererinnen\/\" \/>\n<meta property=\"og:site_name\" content=\"B\u00e9n\u00e9volat Fribourg Freiburg\" \/>\n<meta property=\"article:publisher\" content=\"https:\/\/www.facebook.com\/BenevolatFribourgFreiburg\" \/>\n<meta property=\"article:modified_time\" content=\"2025-10-14T13:03:44+00:00\" \/>\n<meta property=\"og:image\" content=\"https:\/\/www.benevolat-fr.ch\/wp-content\/uploads\/2023\/09\/csm__O6A0152_755d798bd6.jpg\" \/>\n\t<meta property=\"og:image:width\" content=\"1920\" \/>\n\t<meta property=\"og:image:height\" content=\"1280\" \/>\n\t<meta property=\"og:image:type\" content=\"image\/jpeg\" \/>\n<meta name=\"twitter:card\" content=\"summary_large_image\" \/>\n<meta name=\"twitter:label1\" content=\"Gesch\u00e4tzte Lesezeit\" \/>\n\t<meta name=\"twitter:data1\" content=\"1\u00a0Minute\" \/>\n<script type=\"application\/ld+json\" class=\"yoast-schema-graph\">{\"@context\":\"https:\\\/\\\/schema.org\",\"@graph\":[{\"@type\":\"WebPage\",\"@id\":\"https:\\\/\\\/www.benevolat-fr.ch\\\/de\\\/partnerinnen-und-foerdererinnen\\\/\",\"url\":\"https:\\\/\\\/www.benevolat-fr.ch\\\/de\\\/partnerinnen-und-foerdererinnen\\\/\",\"name\":\"Partner:innen und F\u00f6rderer:innen - B\u00e9n\u00e9volat Fribourg Freiburg\",\"isPartOf\":{\"@id\":\"https:\\\/\\\/www.benevolat-fr.ch\\\/de\\\/#website\"},\"primaryImageOfPage\":{\"@id\":\"https:\\\/\\\/www.benevolat-fr.ch\\\/de\\\/partnerinnen-und-foerdererinnen\\\/#primaryimage\"},\"image\":{\"@id\":\"https:\\\/\\\/www.benevolat-fr.ch\\\/de\\\/partnerinnen-und-foerdererinnen\\\/#primaryimage\"},\"thumbnailUrl\":\"https:\\\/\\\/www.benevolat-fr.ch\\\/wp-content\\\/uploads\\\/2023\\\/09\\\/csm__O6A0152_755d798bd6.jpg\",\"datePublished\":\"2023-09-14T11:46:17+00:00\",\"dateModified\":\"2025-10-14T13:03:44+00:00\",\"breadcrumb\":{\"@id\":\"https:\\\/\\\/www.benevolat-fr.ch\\\/de\\\/partnerinnen-und-foerdererinnen\\\/#breadcrumb\"},\"inLanguage\":\"de\",\"potentialAction\":[{\"@type\":\"ReadAction\",\"target\":[\"https:\\\/\\\/www.benevolat-fr.ch\\\/de\\\/partnerinnen-und-foerdererinnen\\\/\"]}]},{\"@type\":\"ImageObject\",\"inLanguage\":\"de\",\"@id\":\"https:\\\/\\\/www.benevolat-fr.ch\\\/de\\\/partnerinnen-und-foerdererinnen\\\/#primaryimage\",\"url\":\"https:\\\/\\\/www.benevolat-fr.ch\\\/wp-content\\\/uploads\\\/2023\\\/09\\\/csm__O6A0152_755d798bd6.jpg\",\"contentUrl\":\"https:\\\/\\\/www.benevolat-fr.ch\\\/wp-content\\\/uploads\\\/2023\\\/09\\\/csm__O6A0152_755d798bd6.jpg\",\"width\":1920,\"height\":1280},{\"@type\":\"BreadcrumbList\",\"@id\":\"https:\\\/\\\/www.benevolat-fr.ch\\\/de\\\/partnerinnen-und-foerdererinnen\\\/#breadcrumb\",\"itemListElement\":[{\"@type\":\"ListItem\",\"position\":1,\"name\":\"Accueil\",\"item\":\"https:\\\/\\\/www.benevolat-fr.ch\\\/de\\\/\"},{\"@type\":\"ListItem\",\"position\":2,\"name\":\"Partner:innen und F\u00f6rderer:innen\"}]},{\"@type\":\"WebSite\",\"@id\":\"https:\\\/\\\/www.benevolat-fr.ch\\\/de\\\/#website\",\"url\":\"https:\\\/\\\/www.benevolat-fr.ch\\\/de\\\/\",\"name\":\"B\u00e9n\u00e9volat Fribourg Freiburg\",\"description\":\"Le centre de comp\u00e9tence pour la vie associative et b\u00e9n\u00e9vole fribourgeoise\",\"publisher\":{\"@id\":\"https:\\\/\\\/www.benevolat-fr.ch\\\/de\\\/#organization\"},\"alternateName\":\"BFF\",\"potentialAction\":[{\"@type\":\"SearchAction\",\"target\":{\"@type\":\"EntryPoint\",\"urlTemplate\":\"https:\\\/\\\/www.benevolat-fr.ch\\\/de\\\/?s={search_term_string}\"},\"query-input\":{\"@type\":\"PropertyValueSpecification\",\"valueRequired\":true,\"valueName\":\"search_term_string\"}}],\"inLanguage\":\"de\"},{\"@type\":\"Organization\",\"@id\":\"https:\\\/\\\/www.benevolat-fr.ch\\\/de\\\/#organization\",\"name\":\"B\u00e9n\u00e9volat Fribourg Freiburg\",\"alternateName\":\"BFF\",\"url\":\"https:\\\/\\\/www.benevolat-fr.ch\\\/de\\\/\",\"logo\":{\"@type\":\"ImageObject\",\"inLanguage\":\"de\",\"@id\":\"https:\\\/\\\/www.benevolat-fr.ch\\\/de\\\/#\\\/schema\\\/logo\\\/image\\\/\",\"url\":\"https:\\\/\\\/www.benevolat-fr.ch\\\/wp-content\\\/uploads\\\/2023\\\/09\\\/BFF_Color_Pos_Subline_Landscape.svg\",\"contentUrl\":\"https:\\\/\\\/www.benevolat-fr.ch\\\/wp-content\\\/uploads\\\/2023\\\/09\\\/BFF_Color_Pos_Subline_Landscape.svg\",\"width\":390,\"height\":135,\"caption\":\"B\u00e9n\u00e9volat Fribourg Freiburg\"},\"image\":{\"@id\":\"https:\\\/\\\/www.benevolat-fr.ch\\\/de\\\/#\\\/schema\\\/logo\\\/image\\\/\"},\"sameAs\":[\"https:\\\/\\\/www.facebook.com\\\/BenevolatFribourgFreiburg\",\"https:\\\/\\\/www.instagram.com\\\/benevolat_fribourg_freiburg\\\/\",\"https:\\\/\\\/www.linkedin.com\\\/company\\\/benevolat-fribourg-freiburg\\\/\"]}]}<\/script>\n<!-- \/ Yoast SEO plugin. -->","yoast_head_json":{"title":"Partner:innen und F\u00f6rderer:innen - B\u00e9n\u00e9volat Fribourg Freiburg","robots":{"index":"index","follow":"follow","max-snippet":"max-snippet:-1","max-image-preview":"max-image-preview:large","max-video-preview":"max-video-preview:-1"},"canonical":"https:\/\/www.benevolat-fr.ch\/de\/partnerinnen-und-foerdererinnen\/","og_locale":"de_DE","og_type":"article","og_title":"Partner:innen und F\u00f6rderer:innen - B\u00e9n\u00e9volat Fribourg Freiburg","og_description":"Vielen Dank! B\u00e9n\u00e9volat Fribourg Freiburg w\u00e4re ohne die grossz\u00fcgige Unterst\u00fctzung unserer Sponsor:innen und Partner:innen nicht m\u00f6glich. M\u00f6chten Sie eine einmalige Spende zur Unterst\u00fctzung der Aktivit\u00e4ten von b\u00e9n\u00e9volat Fribourg Freiburg leisten? Sie k\u00f6nnen diesen QR-Rechnung oder die folgenden Bankdaten verwenden: CH35 8080 8004 5572 1545 0B\u00e9n\u00e9volat Fribourg FreiburgBoulevard de P\u00e9rolles 401700 Fribourg Partnerorganisationen Die Arcanum Stiftung [&hellip;]","og_url":"https:\/\/www.benevolat-fr.ch\/de\/partnerinnen-und-foerdererinnen\/","og_site_name":"B\u00e9n\u00e9volat Fribourg Freiburg","article_publisher":"https:\/\/www.facebook.com\/BenevolatFribourgFreiburg","article_modified_time":"2025-10-14T13:03:44+00:00","og_image":[{"width":1920,"height":1280,"url":"https:\/\/www.benevolat-fr.ch\/wp-content\/uploads\/2023\/09\/csm__O6A0152_755d798bd6.jpg","type":"image\/jpeg"}],"twitter_card":"summary_large_image","twitter_misc":{"Gesch\u00e4tzte Lesezeit":"1\u00a0Minute"},"schema":{"@context":"https:\/\/schema.org","@graph":[{"@type":"WebPage","@id":"https:\/\/www.benevolat-fr.ch\/de\/partnerinnen-und-foerdererinnen\/","url":"https:\/\/www.benevolat-fr.ch\/de\/partnerinnen-und-foerdererinnen\/","name":"Partner:innen und F\u00f6rderer:innen - B\u00e9n\u00e9volat Fribourg Freiburg","isPartOf":{"@id":"https:\/\/www.benevolat-fr.ch\/de\/#website"},"primaryImageOfPage":{"@id":"https:\/\/www.benevolat-fr.ch\/de\/partnerinnen-und-foerdererinnen\/#primaryimage"},"image":{"@id":"https:\/\/www.benevolat-fr.ch\/de\/partnerinnen-und-foerdererinnen\/#primaryimage"},"thumbnailUrl":"https:\/\/www.benevolat-fr.ch\/wp-content\/uploads\/2023\/09\/csm__O6A0152_755d798bd6.jpg","datePublished":"2023-09-14T11:46:17+00:00","dateModified":"2025-10-14T13:03:44+00:00","breadcrumb":{"@id":"https:\/\/www.benevolat-fr.ch\/de\/partnerinnen-und-foerdererinnen\/#breadcrumb"},"inLanguage":"de","potentialAction":[{"@type":"ReadAction","target":["https:\/\/www.benevolat-fr.ch\/de\/partnerinnen-und-foerdererinnen\/"]}]},{"@type":"ImageObject","inLanguage":"de","@id":"https:\/\/www.benevolat-fr.ch\/de\/partnerinnen-und-foerdererinnen\/#primaryimage","url":"https:\/\/www.benevolat-fr.ch\/wp-content\/uploads\/2023\/09\/csm__O6A0152_755d798bd6.jpg","contentUrl":"https:\/\/www.benevolat-fr.ch\/wp-content\/uploads\/2023\/09\/csm__O6A0152_755d798bd6.jpg","width":1920,"height":1280},{"@type":"BreadcrumbList","@id":"https:\/\/www.benevolat-fr.ch\/de\/partnerinnen-und-foerdererinnen\/#breadcrumb","itemListElement":[{"@type":"ListItem","position":1,"name":"Accueil","item":"https:\/\/www.benevolat-fr.ch\/de\/"},{"@type":"ListItem","position":2,"name":"Partner:innen und F\u00f6rderer:innen"}]},{"@type":"WebSite","@id":"https:\/\/www.benevolat-fr.ch\/de\/#website","url":"https:\/\/www.benevolat-fr.ch\/de\/","name":"B\u00e9n\u00e9volat Fribourg Freiburg","description":"Le centre de comp\u00e9tence pour la vie associative et b\u00e9n\u00e9vole fribourgeoise","publisher":{"@id":"https:\/\/www.benevolat-fr.ch\/de\/#organization"},"alternateName":"BFF","potentialAction":[{"@type":"SearchAction","target":{"@type":"EntryPoint","urlTemplate":"https:\/\/www.benevolat-fr.ch\/de\/?s={search_term_string}"},"query-input":{"@type":"PropertyValueSpecification","valueRequired":true,"valueName":"search_term_string"}}],"inLanguage":"de"},{"@type":"Organization","@id":"https:\/\/www.benevolat-fr.ch\/de\/#organization","name":"B\u00e9n\u00e9volat Fribourg Freiburg","alternateName":"BFF","url":"https:\/\/www.benevolat-fr.ch\/de\/","logo":{"@type":"ImageObject","inLanguage":"de","@id":"https:\/\/www.benevolat-fr.ch\/de\/#\/schema\/logo\/image\/","url":"https:\/\/www.benevolat-fr.ch\/wp-content\/uploads\/2023\/09\/BFF_Color_Pos_Subline_Landscape.svg","contentUrl":"https:\/\/www.benevolat-fr.ch\/wp-content\/uploads\/2023\/09\/BFF_Color_Pos_Subline_Landscape.svg","width":390,"height":135,"caption":"B\u00e9n\u00e9volat Fribourg Freiburg"},"image":{"@id":"https:\/\/www.benevolat-fr.ch\/de\/#\/schema\/logo\/image\/"},"sameAs":["https:\/\/www.facebook.com\/BenevolatFribourgFreiburg","https:\/\/www.instagram.com\/benevolat_fribourg_freiburg\/","https:\/\/www.linkedin.com\/company\/benevolat-fribourg-freiburg\/"]}]}},"jetpack_sharing_enabled":true,"publishpress_future_workflow_manual_trigger":{"enabledWorkflows":[]},"_links":{"self":[{"href":"https:\/\/www.benevolat-fr.ch\/de\/wp-json\/wp\/v2\/pages\/32754","targetHints":{"allow":["GET"]}}],"collection":[{"href":"https:\/\/www.benevolat-fr.ch\/de\/wp-json\/wp\/v2\/pages"}],"about":[{"href":"https:\/\/www.benevolat-fr.ch\/de\/wp-json\/wp\/v2\/types\/page"}],"author":[{"embeddable":true,"href":"https:\/\/www.benevolat-fr.ch\/de\/wp-json\/wp\/v2\/users\/1"}],"replies":[{"embeddable":true,"href":"https:\/\/www.benevolat-fr.ch\/de\/wp-json\/wp\/v2\/comments?post=32754"}],"version-history":[{"count":2,"href":"https:\/\/www.benevolat-fr.ch\/de\/wp-json\/wp\/v2\/pages\/32754\/revisions"}],"predecessor-version":[{"id":33055,"href":"https:\/\/www.benevolat-fr.ch\/de\/wp-json\/wp\/v2\/pages\/32754\/revisions\/33055"}],"wp:featuredmedia":[{"embeddable":true,"href":"https:\/\/www.benevolat-fr.ch\/de\/wp-json\/wp\/v2\/media\/32429"}],"wp:attachment":[{"href":"https:\/\/www.benevolat-fr.ch\/de\/wp-json\/wp\/v2\/media?parent=32754"}],"curies":[{"name":"wp","href":"https:\/\/api.w.org\/{rel}","templated":true}]}}