{"id":32711,"date":"2023-09-14T12:10:52","date_gmt":"2023-09-14T10:10:52","guid":{"rendered":"https:\/\/www.benevolat-fr.ch\/aktuell\/"},"modified":"2025-08-20T15:45:04","modified_gmt":"2025-08-20T13:45:04","slug":"aktuell","status":"publish","type":"page","link":"https:\/\/www.benevolat-fr.ch\/de\/aktuell\/","title":{"rendered":"Aktuell"},"content":{"rendered":"\n<div class=\"wp-block-columns is-layout-flex wp-container-core-columns-is-layout-28f84493 wp-block-columns-is-layout-flex\">\n<div class=\"wp-block-column is-layout-flow wp-block-column-is-layout-flow\" style=\"flex-basis:100%\"><div class=\"cl-layout-container search-filter-results-31633\" style=\"--cl-layout-padding:0px;--cl-layout-margin:0px;\"><div  class=\"cl-layout cl-layout--grid cl-layout--id-32877 cl-layout--masonry  cl-layout--col-l-4 cl-layout--col-m-4 cl-layout--col-s-2 cl-layout--col-xs-1\"  style=\"--cl-layout-gap-c: 10px;--cl-layout-gap-r: 10px;\n\t\t\" ><div class=\"cl-layout__masonry-content\"><div  class=\"cl-layout__item cl-layout__item--id-33487\" ><div  class=\"cl-template cl-template--post cl-template--id-32888 cl-template--image-top\" ><div class=\"cl-element cl-element-featured_media cl-element--instance-1004  cl-element-featured_media--sizing-aspect_ratio\"><a class=\"cl-element-featured_media__anchor\" href=\"https:\/\/www.benevolat-fr.ch\/de\/actualites\/formation-continue-engager-des-personnes-de-nationalite-etrangere-en-tant-que-benevoles\/\" title=\"Lehrgang Freiwilligenkoordination in Bern in deutscher Sprache\"><div class=\"cl-element-featured_media__image\" style=\"background-image: url(https:\/\/www.benevolat-fr.ch\/wp-content\/uploads\/2026\/03\/hb6uwq0i4mi-1024x683.jpg)\" role=\"img\"><\/div><\/a><\/div><div class=\"cl-element cl-element-section cl-element--instance-1005 \"><h4 class=\"cl-element cl-element-title cl-element--instance-1001 \"><a class=\"cl-element-title__anchor\" href=\"https:\/\/www.benevolat-fr.ch\/de\/actualites\/formation-continue-engager-des-personnes-de-nationalite-etrangere-en-tant-que-benevoles\/\">Lehrgang Freiwilligenkoordination in Bern in deutscher Sprache<\/a><\/h4><div class=\"cl-element cl-element-excerpt cl-element--instance-1002 \">Am 28. April 2026 startet der n\u00e4chste Lehrgang Freiwilligenkoordination in Bern in deutscher Sprache. Im dreit\u00e4tigen Kurs lernen die Teilnehmer:innen die Grundlagen des Freiwilligenmanagements. Wie man die Organisation zu einem attraktiven Einsatzort macht, wie Eins\u00e4tze spannend gestaltet werden k\u00f6nnen, welche Rahmenbedingungen es dazu braucht und wie man Freiwillige optimal ansprechen [\u2026]<\/div><div class=\"cl-element cl-element-link cl-element--instance-1003 \"><a class=\"cl-element-link__anchor\" href=\"https:\/\/www.benevolat-fr.ch\/de\/actualites\/formation-continue-engager-des-personnes-de-nationalite-etrangere-en-tant-que-benevoles\/\">Mehr erfahren<\/a><\/div><\/div><\/div><\/div><div  class=\"cl-layout__item cl-layout__item--id-33462\" ><div  class=\"cl-template cl-template--post cl-template--id-32888 cl-template--image-top\" ><div class=\"cl-element cl-element-featured_media cl-element--instance-1004  cl-element-featured_media--sizing-aspect_ratio\"><a class=\"cl-element-featured_media__anchor\" href=\"https:\/\/www.benevolat-fr.ch\/de\/actualites\/ausschreibung-ideenwettbewerb-freiwilliges-engagement\/\" title=\"Ausschreibung &#8211; Ideenwettbewerb \u00abFreiwilliges Engagement\u00bb\"><div class=\"cl-element-featured_media__image\" style=\"background-image: url(https:\/\/www.benevolat-fr.ch\/wp-content\/uploads\/2026\/03\/xibic21qezq-1024x683.jpg)\" role=\"img\"><\/div><\/a><\/div><div class=\"cl-element cl-element-section cl-element--instance-1005 \"><h4 class=\"cl-element cl-element-title cl-element--instance-1001 \"><a class=\"cl-element-title__anchor\" href=\"https:\/\/www.benevolat-fr.ch\/de\/actualites\/ausschreibung-ideenwettbewerb-freiwilliges-engagement\/\">Ausschreibung &#8211; Ideenwettbewerb \u00abFreiwilliges Engagement\u00bb<\/a><\/h4><div class=\"cl-element cl-element-excerpt cl-element--instance-1002 \">Was tun, damit es Freiwilligen gut geht und sie mit Freude engagiert bleiben? Ideenwettbewerb \u00abFreiwilliges Engagement\u00bb unterst\u00fctzt das Migros-Kulturprozent Vereine und Initiativen, die das Wohlbefinden ihrer Freiwilligen st\u00e4rken. 15 Projekte erhalten F\u00f6rderbeitr\u00e4ge zwischen CHF 10 000.\u2013 und CHF 30 000.\u2013, um ihre Idee umzusetzen. Die Ausschreibung f\u00fcr den Ideenwettbewerb l\u00e4uft [\u2026]<\/div><div class=\"cl-element cl-element-link cl-element--instance-1003 \"><a class=\"cl-element-link__anchor\" href=\"https:\/\/www.benevolat-fr.ch\/de\/actualites\/ausschreibung-ideenwettbewerb-freiwilliges-engagement\/\">Mehr erfahren<\/a><\/div><\/div><\/div><\/div><div  class=\"cl-layout__item cl-layout__item--id-33112\" ><div  class=\"cl-template cl-template--post cl-template--id-32888 cl-template--image-top\" ><div class=\"cl-element cl-element-featured_media cl-element--instance-1004  cl-element-featured_media--sizing-aspect_ratio\"><a class=\"cl-element-featured_media__anchor\" href=\"https:\/\/www.benevolat-fr.ch\/de\/actualites\/umfrage-zur-finanziellen-gesundheit-der-gemeinnuetzigen-organisationen-im-kanton-freiburg\/\" title=\"Umfrage zur finanziellen Gesundheit der gemeinn\u00fctzigen Organisationen im Kanton Freiburg\"><div class=\"cl-element-featured_media__image\" style=\"background-image: url(https:\/\/www.benevolat-fr.ch\/wp-content\/uploads\/2025\/10\/cwmhxnmqvq0-1024x689.jpg)\" role=\"img\"><\/div><\/a><\/div><div class=\"cl-element cl-element-section cl-element--instance-1005 \"><h4 class=\"cl-element cl-element-title cl-element--instance-1001 \"><a class=\"cl-element-title__anchor\" href=\"https:\/\/www.benevolat-fr.ch\/de\/actualites\/umfrage-zur-finanziellen-gesundheit-der-gemeinnuetzigen-organisationen-im-kanton-freiburg\/\">Umfrage zur finanziellen Gesundheit der gemeinn\u00fctzigen Organisationen im Kanton Freiburg<\/a><\/h4><div class=\"cl-element cl-element-excerpt cl-element--instance-1002 \">In einem Umfeld, in dem viele gemeinn\u00fctzige Organisationen (Vereine, Stiftungen, Clubs, Selbsthilfegruppen usw.) mit zunehmenden finanziellen Einschr\u00e4nkungen konfrontiert sind, hat sich die kollektive initiative Fribourg En Jeu zum Ziel gesetzt, die Situation zu dokumentieren und das Bewusstsein f\u00fcr die Herausforderungen der Finanzierung von gemeinn\u00fctzigen Organisationen im Kanton Freiburg zu sch\u00e4rfen. [\u2026]<\/div><div class=\"cl-element cl-element-link cl-element--instance-1003 \"><a class=\"cl-element-link__anchor\" href=\"https:\/\/www.benevolat-fr.ch\/de\/actualites\/umfrage-zur-finanziellen-gesundheit-der-gemeinnuetzigen-organisationen-im-kanton-freiburg\/\">Mehr erfahren<\/a><\/div><\/div><\/div><\/div><\/div><\/div><\/div>\n<\/div>\n<\/div>\n","protected":false},"excerpt":{"rendered":"","protected":false},"author":1,"featured_media":32429,"parent":0,"menu_order":0,"comment_status":"closed","ping_status":"closed","template":"","meta":{"_acf_changed":false,"footnotes":""},"class_list":["post-32711","page","type-page","status-publish","has-post-thumbnail","hentry"],"blocksy_meta":[],"acf":[],"yoast_head":"<!-- This site is optimized with the Yoast SEO plugin v27.4 - https:\/\/yoast.com\/product\/yoast-seo-wordpress\/ -->\n<title>Aktuell - B\u00e9n\u00e9volat Fribourg Freiburg<\/title>\n<meta name=\"robots\" content=\"index, follow, max-snippet:-1, max-image-preview:large, max-video-preview:-1\" \/>\n<link rel=\"canonical\" href=\"https:\/\/www.benevolat-fr.ch\/de\/aktuell\/\" \/>\n<meta property=\"og:locale\" content=\"de_DE\" \/>\n<meta property=\"og:type\" content=\"article\" \/>\n<meta property=\"og:title\" content=\"Aktuell - B\u00e9n\u00e9volat Fribourg Freiburg\" \/>\n<meta property=\"og:url\" content=\"https:\/\/www.benevolat-fr.ch\/de\/aktuell\/\" \/>\n<meta property=\"og:site_name\" content=\"B\u00e9n\u00e9volat Fribourg Freiburg\" \/>\n<meta property=\"article:publisher\" content=\"https:\/\/www.facebook.com\/BenevolatFribourgFreiburg\" \/>\n<meta property=\"article:modified_time\" content=\"2025-08-20T13:45:04+00:00\" \/>\n<meta property=\"og:image\" content=\"https:\/\/www.benevolat-fr.ch\/wp-content\/uploads\/2023\/09\/csm__O6A0152_755d798bd6.jpg\" \/>\n\t<meta property=\"og:image:width\" content=\"1920\" \/>\n\t<meta property=\"og:image:height\" content=\"1280\" \/>\n\t<meta property=\"og:image:type\" content=\"image\/jpeg\" \/>\n<meta name=\"twitter:card\" content=\"summary_large_image\" \/>\n<script type=\"application\/ld+json\" class=\"yoast-schema-graph\">{\"@context\":\"https:\\\/\\\/schema.org\",\"@graph\":[{\"@type\":\"WebPage\",\"@id\":\"https:\\\/\\\/www.benevolat-fr.ch\\\/de\\\/aktuell\\\/\",\"url\":\"https:\\\/\\\/www.benevolat-fr.ch\\\/de\\\/aktuell\\\/\",\"name\":\"Aktuell - B\u00e9n\u00e9volat Fribourg Freiburg\",\"isPartOf\":{\"@id\":\"https:\\\/\\\/www.benevolat-fr.ch\\\/de\\\/#website\"},\"primaryImageOfPage\":{\"@id\":\"https:\\\/\\\/www.benevolat-fr.ch\\\/de\\\/aktuell\\\/#primaryimage\"},\"image\":{\"@id\":\"https:\\\/\\\/www.benevolat-fr.ch\\\/de\\\/aktuell\\\/#primaryimage\"},\"thumbnailUrl\":\"https:\\\/\\\/www.benevolat-fr.ch\\\/wp-content\\\/uploads\\\/2023\\\/09\\\/csm__O6A0152_755d798bd6.jpg\",\"datePublished\":\"2023-09-14T10:10:52+00:00\",\"dateModified\":\"2025-08-20T13:45:04+00:00\",\"breadcrumb\":{\"@id\":\"https:\\\/\\\/www.benevolat-fr.ch\\\/de\\\/aktuell\\\/#breadcrumb\"},\"inLanguage\":\"de\",\"potentialAction\":[{\"@type\":\"ReadAction\",\"target\":[\"https:\\\/\\\/www.benevolat-fr.ch\\\/de\\\/aktuell\\\/\"]}]},{\"@type\":\"ImageObject\",\"inLanguage\":\"de\",\"@id\":\"https:\\\/\\\/www.benevolat-fr.ch\\\/de\\\/aktuell\\\/#primaryimage\",\"url\":\"https:\\\/\\\/www.benevolat-fr.ch\\\/wp-content\\\/uploads\\\/2023\\\/09\\\/csm__O6A0152_755d798bd6.jpg\",\"contentUrl\":\"https:\\\/\\\/www.benevolat-fr.ch\\\/wp-content\\\/uploads\\\/2023\\\/09\\\/csm__O6A0152_755d798bd6.jpg\",\"width\":1920,\"height\":1280},{\"@type\":\"BreadcrumbList\",\"@id\":\"https:\\\/\\\/www.benevolat-fr.ch\\\/de\\\/aktuell\\\/#breadcrumb\",\"itemListElement\":[{\"@type\":\"ListItem\",\"position\":1,\"name\":\"Accueil\",\"item\":\"https:\\\/\\\/www.benevolat-fr.ch\\\/de\\\/\"},{\"@type\":\"ListItem\",\"position\":2,\"name\":\"Aktuell\"}]},{\"@type\":\"WebSite\",\"@id\":\"https:\\\/\\\/www.benevolat-fr.ch\\\/de\\\/#website\",\"url\":\"https:\\\/\\\/www.benevolat-fr.ch\\\/de\\\/\",\"name\":\"B\u00e9n\u00e9volat Fribourg Freiburg\",\"description\":\"Le centre de comp\u00e9tence pour la vie associative et b\u00e9n\u00e9vole fribourgeoise\",\"publisher\":{\"@id\":\"https:\\\/\\\/www.benevolat-fr.ch\\\/de\\\/#organization\"},\"alternateName\":\"BFF\",\"potentialAction\":[{\"@type\":\"SearchAction\",\"target\":{\"@type\":\"EntryPoint\",\"urlTemplate\":\"https:\\\/\\\/www.benevolat-fr.ch\\\/de\\\/?s={search_term_string}\"},\"query-input\":{\"@type\":\"PropertyValueSpecification\",\"valueRequired\":true,\"valueName\":\"search_term_string\"}}],\"inLanguage\":\"de\"},{\"@type\":\"Organization\",\"@id\":\"https:\\\/\\\/www.benevolat-fr.ch\\\/de\\\/#organization\",\"name\":\"B\u00e9n\u00e9volat Fribourg Freiburg\",\"alternateName\":\"BFF\",\"url\":\"https:\\\/\\\/www.benevolat-fr.ch\\\/de\\\/\",\"logo\":{\"@type\":\"ImageObject\",\"inLanguage\":\"de\",\"@id\":\"https:\\\/\\\/www.benevolat-fr.ch\\\/de\\\/#\\\/schema\\\/logo\\\/image\\\/\",\"url\":\"https:\\\/\\\/www.benevolat-fr.ch\\\/wp-content\\\/uploads\\\/2023\\\/09\\\/BFF_Color_Pos_Subline_Landscape.svg\",\"contentUrl\":\"https:\\\/\\\/www.benevolat-fr.ch\\\/wp-content\\\/uploads\\\/2023\\\/09\\\/BFF_Color_Pos_Subline_Landscape.svg\",\"width\":390,\"height\":135,\"caption\":\"B\u00e9n\u00e9volat Fribourg Freiburg\"},\"image\":{\"@id\":\"https:\\\/\\\/www.benevolat-fr.ch\\\/de\\\/#\\\/schema\\\/logo\\\/image\\\/\"},\"sameAs\":[\"https:\\\/\\\/www.facebook.com\\\/BenevolatFribourgFreiburg\",\"https:\\\/\\\/www.instagram.com\\\/benevolat_fribourg_freiburg\\\/\",\"https:\\\/\\\/www.linkedin.com\\\/company\\\/benevolat-fribourg-freiburg\\\/\"]}]}<\/script>\n<!-- \/ Yoast SEO plugin. -->","yoast_head_json":{"title":"Aktuell - B\u00e9n\u00e9volat Fribourg Freiburg","robots":{"index":"index","follow":"follow","max-snippet":"max-snippet:-1","max-image-preview":"max-image-preview:large","max-video-preview":"max-video-preview:-1"},"canonical":"https:\/\/www.benevolat-fr.ch\/de\/aktuell\/","og_locale":"de_DE","og_type":"article","og_title":"Aktuell - B\u00e9n\u00e9volat Fribourg Freiburg","og_url":"https:\/\/www.benevolat-fr.ch\/de\/aktuell\/","og_site_name":"B\u00e9n\u00e9volat Fribourg Freiburg","article_publisher":"https:\/\/www.facebook.com\/BenevolatFribourgFreiburg","article_modified_time":"2025-08-20T13:45:04+00:00","og_image":[{"width":1920,"height":1280,"url":"https:\/\/www.benevolat-fr.ch\/wp-content\/uploads\/2023\/09\/csm__O6A0152_755d798bd6.jpg","type":"image\/jpeg"}],"twitter_card":"summary_large_image","schema":{"@context":"https:\/\/schema.org","@graph":[{"@type":"WebPage","@id":"https:\/\/www.benevolat-fr.ch\/de\/aktuell\/","url":"https:\/\/www.benevolat-fr.ch\/de\/aktuell\/","name":"Aktuell - B\u00e9n\u00e9volat Fribourg Freiburg","isPartOf":{"@id":"https:\/\/www.benevolat-fr.ch\/de\/#website"},"primaryImageOfPage":{"@id":"https:\/\/www.benevolat-fr.ch\/de\/aktuell\/#primaryimage"},"image":{"@id":"https:\/\/www.benevolat-fr.ch\/de\/aktuell\/#primaryimage"},"thumbnailUrl":"https:\/\/www.benevolat-fr.ch\/wp-content\/uploads\/2023\/09\/csm__O6A0152_755d798bd6.jpg","datePublished":"2023-09-14T10:10:52+00:00","dateModified":"2025-08-20T13:45:04+00:00","breadcrumb":{"@id":"https:\/\/www.benevolat-fr.ch\/de\/aktuell\/#breadcrumb"},"inLanguage":"de","potentialAction":[{"@type":"ReadAction","target":["https:\/\/www.benevolat-fr.ch\/de\/aktuell\/"]}]},{"@type":"ImageObject","inLanguage":"de","@id":"https:\/\/www.benevolat-fr.ch\/de\/aktuell\/#primaryimage","url":"https:\/\/www.benevolat-fr.ch\/wp-content\/uploads\/2023\/09\/csm__O6A0152_755d798bd6.jpg","contentUrl":"https:\/\/www.benevolat-fr.ch\/wp-content\/uploads\/2023\/09\/csm__O6A0152_755d798bd6.jpg","width":1920,"height":1280},{"@type":"BreadcrumbList","@id":"https:\/\/www.benevolat-fr.ch\/de\/aktuell\/#breadcrumb","itemListElement":[{"@type":"ListItem","position":1,"name":"Accueil","item":"https:\/\/www.benevolat-fr.ch\/de\/"},{"@type":"ListItem","position":2,"name":"Aktuell"}]},{"@type":"WebSite","@id":"https:\/\/www.benevolat-fr.ch\/de\/#website","url":"https:\/\/www.benevolat-fr.ch\/de\/","name":"B\u00e9n\u00e9volat Fribourg Freiburg","description":"Le centre de comp\u00e9tence pour la vie associative et b\u00e9n\u00e9vole fribourgeoise","publisher":{"@id":"https:\/\/www.benevolat-fr.ch\/de\/#organization"},"alternateName":"BFF","potentialAction":[{"@type":"SearchAction","target":{"@type":"EntryPoint","urlTemplate":"https:\/\/www.benevolat-fr.ch\/de\/?s={search_term_string}"},"query-input":{"@type":"PropertyValueSpecification","valueRequired":true,"valueName":"search_term_string"}}],"inLanguage":"de"},{"@type":"Organization","@id":"https:\/\/www.benevolat-fr.ch\/de\/#organization","name":"B\u00e9n\u00e9volat Fribourg Freiburg","alternateName":"BFF","url":"https:\/\/www.benevolat-fr.ch\/de\/","logo":{"@type":"ImageObject","inLanguage":"de","@id":"https:\/\/www.benevolat-fr.ch\/de\/#\/schema\/logo\/image\/","url":"https:\/\/www.benevolat-fr.ch\/wp-content\/uploads\/2023\/09\/BFF_Color_Pos_Subline_Landscape.svg","contentUrl":"https:\/\/www.benevolat-fr.ch\/wp-content\/uploads\/2023\/09\/BFF_Color_Pos_Subline_Landscape.svg","width":390,"height":135,"caption":"B\u00e9n\u00e9volat Fribourg Freiburg"},"image":{"@id":"https:\/\/www.benevolat-fr.ch\/de\/#\/schema\/logo\/image\/"},"sameAs":["https:\/\/www.facebook.com\/BenevolatFribourgFreiburg","https:\/\/www.instagram.com\/benevolat_fribourg_freiburg\/","https:\/\/www.linkedin.com\/company\/benevolat-fribourg-freiburg\/"]}]}},"jetpack_sharing_enabled":true,"publishpress_future_workflow_manual_trigger":{"enabledWorkflows":[]},"_links":{"self":[{"href":"https:\/\/www.benevolat-fr.ch\/de\/wp-json\/wp\/v2\/pages\/32711","targetHints":{"allow":["GET"]}}],"collection":[{"href":"https:\/\/www.benevolat-fr.ch\/de\/wp-json\/wp\/v2\/pages"}],"about":[{"href":"https:\/\/www.benevolat-fr.ch\/de\/wp-json\/wp\/v2\/types\/page"}],"author":[{"embeddable":true,"href":"https:\/\/www.benevolat-fr.ch\/de\/wp-json\/wp\/v2\/users\/1"}],"replies":[{"embeddable":true,"href":"https:\/\/www.benevolat-fr.ch\/de\/wp-json\/wp\/v2\/comments?post=32711"}],"version-history":[{"count":5,"href":"https:\/\/www.benevolat-fr.ch\/de\/wp-json\/wp\/v2\/pages\/32711\/revisions"}],"predecessor-version":[{"id":32872,"href":"https:\/\/www.benevolat-fr.ch\/de\/wp-json\/wp\/v2\/pages\/32711\/revisions\/32872"}],"wp:featuredmedia":[{"embeddable":true,"href":"https:\/\/www.benevolat-fr.ch\/de\/wp-json\/wp\/v2\/media\/32429"}],"wp:attachment":[{"href":"https:\/\/www.benevolat-fr.ch\/de\/wp-json\/wp\/v2\/media?parent=32711"}],"curies":[{"name":"wp","href":"https:\/\/api.w.org\/{rel}","templated":true}]}}